{"id":1323,"date":"2024-06-14T01:15:17","date_gmt":"2024-06-14T04:15:17","guid":{"rendered":"https:\/\/pousadaelpatio.com.br\/site\/?page_id=1323"},"modified":"2025-09-17T03:14:27","modified_gmt":"2025-09-17T06:14:27","slug":"acomodacoes","status":"publish","type":"page","link":"https:\/\/pousadaelpatio.com.br\/site\/acomodacoes\/","title":{"rendered":"Nossas acomoda\u00e7\u00f5es"},"content":{"rendered":"\t\t<div data-elementor-type=\"wp-post\" data-elementor-id=\"1323\" class=\"elementor elementor-1323\">\n\t\t\t\t<div class=\"elementor-element elementor-element-4871593 e-flex e-con-boxed wpr-particle-no wpr-jarallax-no wpr-parallax-no wpr-sticky-section-no e-con e-parent\" data-id=\"4871593\" data-element_type=\"container\" data-settings=\"{&quot;background_background&quot;:&quot;classic&quot;,&quot;shape_divider_bottom&quot;:&quot;mountains&quot;}\">\n\t\t\t\t\t<div class=\"e-con-inner\">\n\t\t\t\t<div class=\"elementor-shape elementor-shape-bottom\" data-negative=\"false\">\n\t\t\t<svg xmlns=\"http:\/\/www.w3.org\/2000\/svg\" viewBox=\"0 0 1000 100\" preserveAspectRatio=\"none\">\n\t<path class=\"elementor-shape-fill\" opacity=\"0.33\" d=\"M473,67.3c-203.9,88.3-263.1-34-320.3,0C66,119.1,0,59.7,0,59.7V0h1000v59.7 c0,0-62.1,26.1-94.9,29.3c-32.8,3.3-62.8-12.3-75.8-22.1C806,49.6,745.3,8.7,694.9,4.7S492.4,59,473,67.3z\"\/>\n\t<path class=\"elementor-shape-fill\" opacity=\"0.66\" d=\"M734,67.3c-45.5,0-77.2-23.2-129.1-39.1c-28.6-8.7-150.3-10.1-254,39.1 s-91.7-34.4-149.2,0C115.7,118.3,0,39.8,0,39.8V0h1000v36.5c0,0-28.2-18.5-92.1-18.5C810.2,18.1,775.7,67.3,734,67.3z\"\/>\n\t<path class=\"elementor-shape-fill\" d=\"M766.1,28.9c-200-57.5-266,65.5-395.1,19.5C242,1.8,242,5.4,184.8,20.6C128,35.8,132.3,44.9,89.9,52.5C28.6,63.7,0,0,0,0 h1000c0,0-9.9,40.9-83.6,48.1S829.6,47,766.1,28.9z\"\/>\n<\/svg>\t\t<\/div>\n\t\t<div class=\"elementor-element elementor-element-dc05762 e-flex e-con-boxed wpr-particle-no wpr-jarallax-no wpr-parallax-no wpr-sticky-section-no e-con e-child\" data-id=\"dc05762\" data-element_type=\"container\">\n\t\t\t\t\t<div class=\"e-con-inner\">\n\t\t\t\t<div class=\"elementor-element elementor-element-8131095 text-center elementor-widget elementor-widget-advanced-text-block\" data-id=\"8131095\" data-element_type=\"widget\" data-widget_type=\"advanced-text-block.default\">\n\t\t\t\t<div class=\"elementor-widget-container\">\n\t\t\t<div class=\"futurio_extra_adv_text_block \" ><h1 class=\"text-content-block\"><p><strong>Conhe\u00e7a nossas su\u00edtes<\/strong><\/p><\/div><\/h1>\t\t<\/div>\n\t\t\t\t<\/div>\n\t\t\t\t<div class=\"elementor-element elementor-element-ac225c4 text-center elementor-widget elementor-widget-advanced-text-block\" data-id=\"ac225c4\" data-element_type=\"widget\" data-widget_type=\"advanced-text-block.default\">\n\t\t\t\t<div class=\"elementor-widget-container\">\n\t\t\t<div class=\"futurio_extra_adv_text_block \" ><h1 class=\"text-content-block\"><p>Clique na foto para abrir album de fotos completo de cada su\u00edte<\/p><\/div><\/h1>\t\t<\/div>\n\t\t\t\t<\/div>\n\t\t\t\t\t<\/div>\n\t\t\t\t<\/div>\n\t\t\t\t\t<\/div>\n\t\t\t\t<\/div>\n\t\t<div class=\"elementor-element elementor-element-44737e7 e-grid e-con-boxed wpr-particle-no wpr-jarallax-no wpr-parallax-no wpr-sticky-section-no e-con e-parent\" data-id=\"44737e7\" data-element_type=\"container\">\n\t\t\t\t\t<div class=\"e-con-inner\">\n\t\t\t\t<div class=\"elementor-element elementor-element-1a35bd2 elementor-position-top elementor-widget elementor-widget-image-box\" data-id=\"1a35bd2\" data-element_type=\"widget\" data-widget_type=\"image-box.default\">\n\t\t\t\t<div class=\"elementor-widget-container\">\n\t\t\t<style>\/*! elementor - v3.21.0 - 26-05-2024 *\/\n.elementor-widget-image-box .elementor-image-box-content{width:100%}@media (min-width:768px){.elementor-widget-image-box.elementor-position-left .elementor-image-box-wrapper,.elementor-widget-image-box.elementor-position-right .elementor-image-box-wrapper{display:flex}.elementor-widget-image-box.elementor-position-right .elementor-image-box-wrapper{text-align:end;flex-direction:row-reverse}.elementor-widget-image-box.elementor-position-left .elementor-image-box-wrapper{text-align:start;flex-direction:row}.elementor-widget-image-box.elementor-position-top .elementor-image-box-img{margin:auto}.elementor-widget-image-box.elementor-vertical-align-top .elementor-image-box-wrapper{align-items:flex-start}.elementor-widget-image-box.elementor-vertical-align-middle .elementor-image-box-wrapper{align-items:center}.elementor-widget-image-box.elementor-vertical-align-bottom .elementor-image-box-wrapper{align-items:flex-end}}@media (max-width:767px){.elementor-widget-image-box .elementor-image-box-img{margin-left:auto!important;margin-right:auto!important;margin-bottom:15px}}.elementor-widget-image-box .elementor-image-box-img{display:inline-block}.elementor-widget-image-box .elementor-image-box-title a{color:inherit}.elementor-widget-image-box .elementor-image-box-wrapper{text-align:center}.elementor-widget-image-box .elementor-image-box-description{margin:0}<\/style><div class=\"elementor-image-box-wrapper\"><figure class=\"elementor-image-box-img\"><a href=\"https:\/\/pousadaelpatio.com.br\/site\/ref401\/\" tabindex=\"-1\"><img fetchpriority=\"high\" decoding=\"async\" width=\"1025\" height=\"768\" src=\"https:\/\/pousadaelpatio.com.br\/site\/wp-content\/uploads\/2024\/06\/GOPR8561.jpg\" class=\"elementor-animation-grow attachment-full size-full wp-image-500\" alt=\"asdasdasdasdsad\" srcset=\"https:\/\/pousadaelpatio.com.br\/site\/wp-content\/uploads\/2024\/06\/GOPR8561.jpg 1025w, https:\/\/pousadaelpatio.com.br\/site\/wp-content\/uploads\/2024\/06\/GOPR8561-300x225.jpg 300w, https:\/\/pousadaelpatio.com.br\/site\/wp-content\/uploads\/2024\/06\/GOPR8561-768x575.jpg 768w, https:\/\/pousadaelpatio.com.br\/site\/wp-content\/uploads\/2024\/06\/GOPR8561-160x120.jpg 160w\" sizes=\"(max-width: 1025px) 100vw, 1025px\" \/><\/a><\/figure><div class=\"elementor-image-box-content\"><h4 class=\"elementor-image-box-title\"><a href=\"https:\/\/pousadaelpatio.com.br\/site\/ref401\/\">Su\u00edte Master Pool T\u00e9rrea<\/a><\/h4><p class=\"elementor-image-box-description\">Andar t\u00e9rreo com ar condicionado de frente  para piscina.<\/p><\/div><\/div>\t\t<\/div>\n\t\t\t\t<\/div>\n\t\t\t\t<div class=\"elementor-element elementor-element-d00a7ee elementor-position-top elementor-widget elementor-widget-image-box\" data-id=\"d00a7ee\" data-element_type=\"widget\" data-widget_type=\"image-box.default\">\n\t\t\t\t<div class=\"elementor-widget-container\">\n\t\t\t<div class=\"elementor-image-box-wrapper\"><figure class=\"elementor-image-box-img\"><a href=\"https:\/\/pousadaelpatio.com.br\/site\/ref402\/\" tabindex=\"-1\"><img decoding=\"async\" width=\"1025\" height=\"768\" src=\"https:\/\/pousadaelpatio.com.br\/site\/wp-content\/uploads\/2024\/06\/GOPR8622.jpg\" class=\"elementor-animation-grow attachment-full size-full wp-image-501\" alt=\"\" srcset=\"https:\/\/pousadaelpatio.com.br\/site\/wp-content\/uploads\/2024\/06\/GOPR8622.jpg 1025w, https:\/\/pousadaelpatio.com.br\/site\/wp-content\/uploads\/2024\/06\/GOPR8622-300x225.jpg 300w, https:\/\/pousadaelpatio.com.br\/site\/wp-content\/uploads\/2024\/06\/GOPR8622-768x575.jpg 768w, https:\/\/pousadaelpatio.com.br\/site\/wp-content\/uploads\/2024\/06\/GOPR8622-160x120.jpg 160w\" sizes=\"(max-width: 1025px) 100vw, 1025px\" \/><\/a><\/figure><div class=\"elementor-image-box-content\"><h4 class=\"elementor-image-box-title\"><a href=\"https:\/\/pousadaelpatio.com.br\/site\/ref402\/\">Su\u00edte Master Pool Superior<\/a><\/h4><p class=\"elementor-image-box-description\">Andar superior com ar condicionado e sacada de frente para piscina.<\/p><\/div><\/div>\t\t<\/div>\n\t\t\t\t<\/div>\n\t\t\t\t<div class=\"elementor-element elementor-element-2c544dc elementor-position-top elementor-widget elementor-widget-image-box\" data-id=\"2c544dc\" data-element_type=\"widget\" data-widget_type=\"image-box.default\">\n\t\t\t\t<div class=\"elementor-widget-container\">\n\t\t\t<div class=\"elementor-image-box-wrapper\"><figure class=\"elementor-image-box-img\"><a href=\"https:\/\/pousadaelpatio.com.br\/site\/ref403\/\" tabindex=\"-1\"><img decoding=\"async\" width=\"1025\" height=\"768\" src=\"https:\/\/pousadaelpatio.com.br\/site\/wp-content\/uploads\/2024\/06\/GOPR8657.jpg\" class=\"elementor-animation-grow attachment-full size-full wp-image-502\" alt=\"\" srcset=\"https:\/\/pousadaelpatio.com.br\/site\/wp-content\/uploads\/2024\/06\/GOPR8657.jpg 1025w, https:\/\/pousadaelpatio.com.br\/site\/wp-content\/uploads\/2024\/06\/GOPR8657-300x225.jpg 300w, https:\/\/pousadaelpatio.com.br\/site\/wp-content\/uploads\/2024\/06\/GOPR8657-768x575.jpg 768w, https:\/\/pousadaelpatio.com.br\/site\/wp-content\/uploads\/2024\/06\/GOPR8657-160x120.jpg 160w\" sizes=\"(max-width: 1025px) 100vw, 1025px\" \/><\/a><\/figure><div class=\"elementor-image-box-content\"><h4 class=\"elementor-image-box-title\"><a href=\"https:\/\/pousadaelpatio.com.br\/site\/ref403\/\">Su\u00edte Master Wood T\u00e9rrea Casal<\/a><\/h4><p class=\"elementor-image-box-description\">As mais compactas e econ\u00f4micas da pousada com ar condicionado.<\/p><\/div><\/div>\t\t<\/div>\n\t\t\t\t<\/div>\n\t\t\t\t<div class=\"elementor-element elementor-element-dca4764 elementor-position-top elementor-widget elementor-widget-image-box\" data-id=\"dca4764\" data-element_type=\"widget\" data-widget_type=\"image-box.default\">\n\t\t\t\t<div class=\"elementor-widget-container\">\n\t\t\t<div class=\"elementor-image-box-wrapper\"><figure class=\"elementor-image-box-img\"><a href=\"https:\/\/pousadaelpatio.com.br\/site\/ref404\/\" tabindex=\"-1\"><img loading=\"lazy\" decoding=\"async\" width=\"1025\" height=\"768\" src=\"https:\/\/pousadaelpatio.com.br\/site\/wp-content\/uploads\/2024\/06\/GOPR8677.jpg\" class=\"elementor-animation-grow attachment-full size-full wp-image-503\" alt=\"\" srcset=\"https:\/\/pousadaelpatio.com.br\/site\/wp-content\/uploads\/2024\/06\/GOPR8677.jpg 1025w, https:\/\/pousadaelpatio.com.br\/site\/wp-content\/uploads\/2024\/06\/GOPR8677-300x225.jpg 300w, https:\/\/pousadaelpatio.com.br\/site\/wp-content\/uploads\/2024\/06\/GOPR8677-768x575.jpg 768w, https:\/\/pousadaelpatio.com.br\/site\/wp-content\/uploads\/2024\/06\/GOPR8677-160x120.jpg 160w\" sizes=\"(max-width: 1025px) 100vw, 1025px\" \/><\/a><\/figure><div class=\"elementor-image-box-content\"><h4 class=\"elementor-image-box-title\"><a href=\"https:\/\/pousadaelpatio.com.br\/site\/ref404\/\">Su\u00edte Master Wood Superior<\/a><\/h4><p class=\"elementor-image-box-description\">Andar superior com sacada espa\u00e7osa e ar condicionado.<\/p><\/div><\/div>\t\t<\/div>\n\t\t\t\t<\/div>\n\t\t\t\t<div class=\"elementor-element elementor-element-030eede elementor-position-top elementor-widget elementor-widget-image-box\" data-id=\"030eede\" data-element_type=\"widget\" data-widget_type=\"image-box.default\">\n\t\t\t\t<div class=\"elementor-widget-container\">\n\t\t\t<div class=\"elementor-image-box-wrapper\"><figure class=\"elementor-image-box-img\"><a href=\"https:\/\/pousadaelpatio.com.br\/site\/ref405\/\" tabindex=\"-1\"><img loading=\"lazy\" decoding=\"async\" width=\"1025\" height=\"768\" src=\"https:\/\/pousadaelpatio.com.br\/site\/wp-content\/uploads\/2024\/06\/GOPR8702.jpg\" class=\"elementor-animation-grow attachment-full size-full wp-image-504\" alt=\"\" srcset=\"https:\/\/pousadaelpatio.com.br\/site\/wp-content\/uploads\/2024\/06\/GOPR8702.jpg 1025w, https:\/\/pousadaelpatio.com.br\/site\/wp-content\/uploads\/2024\/06\/GOPR8702-300x225.jpg 300w, https:\/\/pousadaelpatio.com.br\/site\/wp-content\/uploads\/2024\/06\/GOPR8702-768x575.jpg 768w, https:\/\/pousadaelpatio.com.br\/site\/wp-content\/uploads\/2024\/06\/GOPR8702-160x120.jpg 160w\" sizes=\"(max-width: 1025px) 100vw, 1025px\" \/><\/a><\/figure><div class=\"elementor-image-box-content\"><h4 class=\"elementor-image-box-title\"><a href=\"https:\/\/pousadaelpatio.com.br\/site\/ref405\/\">Su\u00edte Master Wood Superior Casal<\/a><\/h4><p class=\"elementor-image-box-description\">Andar superior com sacada espa\u00e7osa e ar condicionado.<\/p><\/div><\/div>\t\t<\/div>\n\t\t\t\t<\/div>\n\t\t\t\t<div class=\"elementor-element elementor-element-f83fa04 elementor-position-top elementor-widget elementor-widget-image-box\" data-id=\"f83fa04\" data-element_type=\"widget\" data-widget_type=\"image-box.default\">\n\t\t\t\t<div class=\"elementor-widget-container\">\n\t\t\t<div class=\"elementor-image-box-wrapper\"><figure class=\"elementor-image-box-img\"><a href=\"https:\/\/pousadaelpatio.com.br\/site\/ref406\/\" tabindex=\"-1\"><img loading=\"lazy\" decoding=\"async\" width=\"1025\" height=\"768\" src=\"https:\/\/pousadaelpatio.com.br\/site\/wp-content\/uploads\/2024\/06\/GOPR8753.jpg\" class=\"elementor-animation-grow attachment-full size-full wp-image-505\" alt=\"\" srcset=\"https:\/\/pousadaelpatio.com.br\/site\/wp-content\/uploads\/2024\/06\/GOPR8753.jpg 1025w, https:\/\/pousadaelpatio.com.br\/site\/wp-content\/uploads\/2024\/06\/GOPR8753-300x225.jpg 300w, https:\/\/pousadaelpatio.com.br\/site\/wp-content\/uploads\/2024\/06\/GOPR8753-768x575.jpg 768w, https:\/\/pousadaelpatio.com.br\/site\/wp-content\/uploads\/2024\/06\/GOPR8753-160x120.jpg 160w\" sizes=\"(max-width: 1025px) 100vw, 1025px\" \/><\/a><\/figure><div class=\"elementor-image-box-content\"><h4 class=\"elementor-image-box-title\"><a href=\"https:\/\/pousadaelpatio.com.br\/site\/ref406\/\">Su\u00edte Master Avenida Superior<\/a><\/h4><p class=\"elementor-image-box-description\">Su\u00edtes com ar condicionado e janela para avenida principal.<\/p><\/div><\/div>\t\t<\/div>\n\t\t\t\t<\/div>\n\t\t\t\t\t<\/div>\n\t\t\t\t<\/div>\n\t\t<div class=\"elementor-element elementor-element-f98ecb9 e-con-full e-flex wpr-particle-no wpr-jarallax-no wpr-parallax-no wpr-sticky-section-no e-con e-parent\" data-id=\"f98ecb9\" data-element_type=\"container\" data-settings=\"{&quot;shape_divider_top&quot;:&quot;opacity-tilt&quot;,&quot;shape_divider_bottom&quot;:&quot;opacity-tilt&quot;}\">\n\t\t\t\t<div class=\"elementor-shape elementor-shape-top\" data-negative=\"false\">\n\t\t\t<svg xmlns=\"http:\/\/www.w3.org\/2000\/svg\" viewBox=\"0 0 2600 131.1\" preserveAspectRatio=\"none\">\n\t<path class=\"elementor-shape-fill\" d=\"M0 0L2600 0 2600 69.1 0 0z\"\/>\n\t<path class=\"elementor-shape-fill\" style=\"opacity:0.5\" d=\"M0 0L2600 0 2600 69.1 0 69.1z\"\/>\n\t<path class=\"elementor-shape-fill\" style=\"opacity:0.25\" d=\"M2600 0L0 0 0 130.1 2600 69.1z\"\/>\n<\/svg>\t\t<\/div>\n\t\t\t\t<div class=\"elementor-shape elementor-shape-bottom\" data-negative=\"false\">\n\t\t\t<svg xmlns=\"http:\/\/www.w3.org\/2000\/svg\" viewBox=\"0 0 2600 131.1\" preserveAspectRatio=\"none\">\n\t<path class=\"elementor-shape-fill\" d=\"M0 0L2600 0 2600 69.1 0 0z\"\/>\n\t<path class=\"elementor-shape-fill\" style=\"opacity:0.5\" d=\"M0 0L2600 0 2600 69.1 0 69.1z\"\/>\n\t<path class=\"elementor-shape-fill\" style=\"opacity:0.25\" d=\"M2600 0L0 0 0 130.1 2600 69.1z\"\/>\n<\/svg>\t\t<\/div>\n\t\t\t\t<div class=\"elementor-element elementor-element-39dc65e elementor-widget elementor-widget-wpr-google-maps\" data-id=\"39dc65e\" data-element_type=\"widget\" data-widget_type=\"wpr-google-maps.default\">\n\t\t\t\t<div class=\"elementor-widget-container\">\n\t\t\t<div class=\"wpr-google-map\"  data-settings=\"{&quot;type&quot;:&quot;hybrid&quot;,&quot;style&quot;:&quot;simple&quot;,&quot;zoom_depth&quot;:15,&quot;zoom_on_scroll&quot;:&quot;yes&quot;,&quot;cluster_markers&quot;:&quot;&quot;,&quot;clusters_url&quot;:&quot;https:\\\/\\\/pousadaelpatio.com.br\\\/site\\\/wp-content\\\/plugins\\\/royal-elementor-addons\\\/assets\\\/js\\\/lib\\\/gmap\\\/clusters\\\/m&quot;,&quot;custom_style&quot;:&quot;&quot;}\" data-locations=\"[{&quot;gm_location_title&quot;:&quot;Pousasa&quot;,&quot;gm_latitude&quot;:&quot;-28.075635&quot;,&quot;gm_longtitude&quot;:&quot;-48.629711&quot;,&quot;_id&quot;:&quot;65ede3b&quot;,&quot;gm_info_window_width&quot;:{&quot;unit&quot;:&quot;px&quot;,&quot;size&quot;:216,&quot;sizes&quot;:[]},&quot;gm_marker_animation&quot;:&quot;BOUNCE&quot;,&quot;gm_show_info_window&quot;:&quot;none&quot;,&quot;gm_location_description&quot;:&quot;&quot;,&quot;gm_custom_marker&quot;:&quot;&quot;,&quot;gm_marker_icon&quot;:{&quot;url&quot;:&quot;&quot;,&quot;id&quot;:&quot;&quot;,&quot;size&quot;:&quot;&quot;},&quot;gm_marker_icon_size_width&quot;:{&quot;unit&quot;:&quot;px&quot;,&quot;size&quot;:35,&quot;sizes&quot;:[]},&quot;gm_marker_icon_size_height&quot;:{&quot;unit&quot;:&quot;px&quot;,&quot;size&quot;:35,&quot;sizes&quot;:[]}}]\" data-controls=\"{&quot;type&quot;:&quot;yes&quot;,&quot;fullscreen&quot;:&quot;&quot;,&quot;zoom&quot;:&quot;yes&quot;,&quot;streetview&quot;:&quot;&quot;}\"><\/div>\t\t<\/div>\n\t\t\t\t<\/div>\n\t\t\t\t<\/div>\n\t\t<div class=\"elementor-element elementor-element-a77ac9b e-grid e-con-full wpr-particle-no wpr-jarallax-no wpr-parallax-no wpr-sticky-section-no e-con e-parent\" data-id=\"a77ac9b\" data-element_type=\"container\" data-settings=\"{&quot;background_background&quot;:&quot;classic&quot;}\">\n\t\t\t\t<div class=\"elementor-element elementor-element-fbdddd9 text-left elementor-widget elementor-widget-advanced-text-block\" data-id=\"fbdddd9\" data-element_type=\"widget\" data-widget_type=\"advanced-text-block.default\">\n\t\t\t\t<div class=\"elementor-widget-container\">\n\t\t\t<div class=\"futurio_extra_adv_text_block \" ><p class=\"text-content-block\"><p><span style=\"color: #ffffff\"><strong>Pousada El P\u00e1tio da Ferrugem<br \/><\/strong>Todos direitos reservados<br \/><\/span><\/p><\/div><\/p>\t\t<\/div>\n\t\t\t\t<\/div>\n\t\t\t\t<div class=\"elementor-element elementor-element-9361077 e-grid-align-right elementor-shape-rounded elementor-grid-0 elementor-widget elementor-widget-social-icons\" data-id=\"9361077\" data-element_type=\"widget\" data-widget_type=\"social-icons.default\">\n\t\t\t\t<div class=\"elementor-widget-container\">\n\t\t\t<style>\/*! elementor - v3.21.0 - 26-05-2024 *\/\n.elementor-widget-social-icons.elementor-grid-0 .elementor-widget-container,.elementor-widget-social-icons.elementor-grid-mobile-0 .elementor-widget-container,.elementor-widget-social-icons.elementor-grid-tablet-0 .elementor-widget-container{line-height:1;font-size:0}.elementor-widget-social-icons:not(.elementor-grid-0):not(.elementor-grid-tablet-0):not(.elementor-grid-mobile-0) .elementor-grid{display:inline-grid}.elementor-widget-social-icons .elementor-grid{grid-column-gap:var(--grid-column-gap,5px);grid-row-gap:var(--grid-row-gap,5px);grid-template-columns:var(--grid-template-columns);justify-content:var(--justify-content,center);justify-items:var(--justify-content,center)}.elementor-icon.elementor-social-icon{font-size:var(--icon-size,25px);line-height:var(--icon-size,25px);width:calc(var(--icon-size, 25px) + 2 * var(--icon-padding, .5em));height:calc(var(--icon-size, 25px) + 2 * var(--icon-padding, .5em))}.elementor-social-icon{--e-social-icon-icon-color:#fff;display:inline-flex;background-color:#69727d;align-items:center;justify-content:center;text-align:center;cursor:pointer}.elementor-social-icon i{color:var(--e-social-icon-icon-color)}.elementor-social-icon svg{fill:var(--e-social-icon-icon-color)}.elementor-social-icon:last-child{margin:0}.elementor-social-icon:hover{opacity:.9;color:#fff}.elementor-social-icon-android{background-color:#a4c639}.elementor-social-icon-apple{background-color:#999}.elementor-social-icon-behance{background-color:#1769ff}.elementor-social-icon-bitbucket{background-color:#205081}.elementor-social-icon-codepen{background-color:#000}.elementor-social-icon-delicious{background-color:#39f}.elementor-social-icon-deviantart{background-color:#05cc47}.elementor-social-icon-digg{background-color:#005be2}.elementor-social-icon-dribbble{background-color:#ea4c89}.elementor-social-icon-elementor{background-color:#d30c5c}.elementor-social-icon-envelope{background-color:#ea4335}.elementor-social-icon-facebook,.elementor-social-icon-facebook-f{background-color:#3b5998}.elementor-social-icon-flickr{background-color:#0063dc}.elementor-social-icon-foursquare{background-color:#2d5be3}.elementor-social-icon-free-code-camp,.elementor-social-icon-freecodecamp{background-color:#006400}.elementor-social-icon-github{background-color:#333}.elementor-social-icon-gitlab{background-color:#e24329}.elementor-social-icon-globe{background-color:#69727d}.elementor-social-icon-google-plus,.elementor-social-icon-google-plus-g{background-color:#dd4b39}.elementor-social-icon-houzz{background-color:#7ac142}.elementor-social-icon-instagram{background-color:#262626}.elementor-social-icon-jsfiddle{background-color:#487aa2}.elementor-social-icon-link{background-color:#818a91}.elementor-social-icon-linkedin,.elementor-social-icon-linkedin-in{background-color:#0077b5}.elementor-social-icon-medium{background-color:#00ab6b}.elementor-social-icon-meetup{background-color:#ec1c40}.elementor-social-icon-mixcloud{background-color:#273a4b}.elementor-social-icon-odnoklassniki{background-color:#f4731c}.elementor-social-icon-pinterest{background-color:#bd081c}.elementor-social-icon-product-hunt{background-color:#da552f}.elementor-social-icon-reddit{background-color:#ff4500}.elementor-social-icon-rss{background-color:#f26522}.elementor-social-icon-shopping-cart{background-color:#4caf50}.elementor-social-icon-skype{background-color:#00aff0}.elementor-social-icon-slideshare{background-color:#0077b5}.elementor-social-icon-snapchat{background-color:#fffc00}.elementor-social-icon-soundcloud{background-color:#f80}.elementor-social-icon-spotify{background-color:#2ebd59}.elementor-social-icon-stack-overflow{background-color:#fe7a15}.elementor-social-icon-steam{background-color:#00adee}.elementor-social-icon-stumbleupon{background-color:#eb4924}.elementor-social-icon-telegram{background-color:#2ca5e0}.elementor-social-icon-threads{background-color:#000}.elementor-social-icon-thumb-tack{background-color:#1aa1d8}.elementor-social-icon-tripadvisor{background-color:#589442}.elementor-social-icon-tumblr{background-color:#35465c}.elementor-social-icon-twitch{background-color:#6441a5}.elementor-social-icon-twitter{background-color:#1da1f2}.elementor-social-icon-viber{background-color:#665cac}.elementor-social-icon-vimeo{background-color:#1ab7ea}.elementor-social-icon-vk{background-color:#45668e}.elementor-social-icon-weibo{background-color:#dd2430}.elementor-social-icon-weixin{background-color:#31a918}.elementor-social-icon-whatsapp{background-color:#25d366}.elementor-social-icon-wordpress{background-color:#21759b}.elementor-social-icon-x-twitter{background-color:#000}.elementor-social-icon-xing{background-color:#026466}.elementor-social-icon-yelp{background-color:#af0606}.elementor-social-icon-youtube{background-color:#cd201f}.elementor-social-icon-500px{background-color:#0099e5}.elementor-shape-rounded .elementor-icon.elementor-social-icon{border-radius:10%}.elementor-shape-circle .elementor-icon.elementor-social-icon{border-radius:50%}<\/style>\t\t<div class=\"elementor-social-icons-wrapper elementor-grid\">\n\t\t\t\t\t\t\t<span class=\"elementor-grid-item\">\n\t\t\t\t\t<a class=\"elementor-icon elementor-social-icon elementor-social-icon-facebook elementor-animation-bounce-in elementor-repeater-item-94a7103\" href=\"https:\/\/www.facebook.com\/pousadaelpatio\/\" target=\"_blank\">\n\t\t\t\t\t\t<span class=\"elementor-screen-only\">Facebook<\/span>\n\t\t\t\t\t\t<svg class=\"e-font-icon-svg e-fab-facebook\" viewBox=\"0 0 512 512\" xmlns=\"http:\/\/www.w3.org\/2000\/svg\"><path d=\"M504 256C504 119 393 8 256 8S8 119 8 256c0 123.78 90.69 226.38 209.25 245V327.69h-63V256h63v-54.64c0-62.15 37-96.48 93.67-96.48 27.14 0 55.52 4.84 55.52 4.84v61h-31.28c-30.8 0-40.41 19.12-40.41 38.73V256h68.78l-11 71.69h-57.78V501C413.31 482.38 504 379.78 504 256z\"><\/path><\/svg>\t\t\t\t\t<\/a>\n\t\t\t\t<\/span>\n\t\t\t\t\t\t\t<span class=\"elementor-grid-item\">\n\t\t\t\t\t<a class=\"elementor-icon elementor-social-icon elementor-social-icon-instagram elementor-animation-bounce-in elementor-repeater-item-92e6f2f\" href=\"https:\/\/www.instagram.com\/patiodaferrugem\/\" target=\"_blank\">\n\t\t\t\t\t\t<span class=\"elementor-screen-only\">Instagram<\/span>\n\t\t\t\t\t\t<svg class=\"e-font-icon-svg e-fab-instagram\" viewBox=\"0 0 448 512\" xmlns=\"http:\/\/www.w3.org\/2000\/svg\"><path d=\"M224.1 141c-63.6 0-114.9 51.3-114.9 114.9s51.3 114.9 114.9 114.9S339 319.5 339 255.9 287.7 141 224.1 141zm0 189.6c-41.1 0-74.7-33.5-74.7-74.7s33.5-74.7 74.7-74.7 74.7 33.5 74.7 74.7-33.6 74.7-74.7 74.7zm146.4-194.3c0 14.9-12 26.8-26.8 26.8-14.9 0-26.8-12-26.8-26.8s12-26.8 26.8-26.8 26.8 12 26.8 26.8zm76.1 27.2c-1.7-35.9-9.9-67.7-36.2-93.9-26.2-26.2-58-34.4-93.9-36.2-37-2.1-147.9-2.1-184.9 0-35.8 1.7-67.6 9.9-93.9 36.1s-34.4 58-36.2 93.9c-2.1 37-2.1 147.9 0 184.9 1.7 35.9 9.9 67.7 36.2 93.9s58 34.4 93.9 36.2c37 2.1 147.9 2.1 184.9 0 35.9-1.7 67.7-9.9 93.9-36.2 26.2-26.2 34.4-58 36.2-93.9 2.1-37 2.1-147.8 0-184.8zM398.8 388c-7.8 19.6-22.9 34.7-42.6 42.6-29.5 11.7-99.5 9-132.1 9s-102.7 2.6-132.1-9c-19.6-7.8-34.7-22.9-42.6-42.6-11.7-29.5-9-99.5-9-132.1s-2.6-102.7 9-132.1c7.8-19.6 22.9-34.7 42.6-42.6 29.5-11.7 99.5-9 132.1-9s102.7-2.6 132.1 9c19.6 7.8 34.7 22.9 42.6 42.6 11.7 29.5 9 99.5 9 132.1s2.7 102.7-9 132.1z\"><\/path><\/svg>\t\t\t\t\t<\/a>\n\t\t\t\t<\/span>\n\t\t\t\t\t<\/div>\n\t\t\t\t<\/div>\n\t\t\t\t<\/div>\n\t\t\t\t<\/div>\n\t\t\t\t<\/div>\n\t\t","protected":false},"excerpt":{"rendered":"<p>Conhe\u00e7a nossas su\u00edtes Clique na foto para abrir album de fotos completo de cada su\u00edte Su\u00edte Master Pool T\u00e9rrea Andar t\u00e9rreo com ar condicionado de frente para piscina. Su\u00edte Master Pool Superior Andar superior com ar condicionado e sacada de frente para piscina. Su\u00edte Master Wood T\u00e9rrea Casal As mais compactas e econ\u00f4micas da pousada com ar condicionado. Su\u00edte Master Wood Superior Andar superior com sacada espa\u00e7osa e ar condicionado. Su\u00edte Master Wood Superior Casal Andar superior com sacada espa\u00e7osa e ar condicionado. Su\u00edte Master Avenida Superior Su\u00edtes com ar condicionado e janela para avenida principal. Pousada El P\u00e1tio da FerrugemTodos direitos reservados Facebook Instagram<\/p>\n","protected":false},"author":1,"featured_media":0,"parent":0,"menu_order":0,"comment_status":"closed","ping_status":"closed","template":"","meta":{"footnotes":""},"class_list":["post-1323","page","type-page","status-publish","hentry"],"_links":{"self":[{"href":"https:\/\/pousadaelpatio.com.br\/site\/wp-json\/wp\/v2\/pages\/1323","targetHints":{"allow":["GET"]}}],"collection":[{"href":"https:\/\/pousadaelpatio.com.br\/site\/wp-json\/wp\/v2\/pages"}],"about":[{"href":"https:\/\/pousadaelpatio.com.br\/site\/wp-json\/wp\/v2\/types\/page"}],"author":[{"embeddable":true,"href":"https:\/\/pousadaelpatio.com.br\/site\/wp-json\/wp\/v2\/users\/1"}],"replies":[{"embeddable":true,"href":"https:\/\/pousadaelpatio.com.br\/site\/wp-json\/wp\/v2\/comments?post=1323"}],"version-history":[{"count":32,"href":"https:\/\/pousadaelpatio.com.br\/site\/wp-json\/wp\/v2\/pages\/1323\/revisions"}],"predecessor-version":[{"id":1689,"href":"https:\/\/pousadaelpatio.com.br\/site\/wp-json\/wp\/v2\/pages\/1323\/revisions\/1689"}],"wp:attachment":[{"href":"https:\/\/pousadaelpatio.com.br\/site\/wp-json\/wp\/v2\/media?parent=1323"}],"curies":[{"name":"wp","href":"https:\/\/api.w.org\/{rel}","templated":true}]}}